{"id":85731,"date":"2025-03-25T09:09:30","date_gmt":"2025-03-25T09:09:30","guid":{"rendered":"https:\/\/www.uss.cl\/?page_id=85731"},"modified":"2025-03-25T09:09:30","modified_gmt":"2025-03-25T09:09:30","slug":"campus","status":"publish","type":"page","link":"https:\/\/www.uss.cl\/en\/campus\/","title":{"rendered":"Campus"},"content":{"rendered":"","protected":false},"excerpt":{"rendered":"","protected":false},"author":25,"featured_media":0,"parent":0,"menu_order":4,"comment_status":"closed","ping_status":"closed","template":"page-template","meta":{"_acf_changed":false,"content-type":"","footnotes":""},"class_list":["post-85731","page","type-page","status-publish","hentry"],"acf":[],"yoast_head":"<!-- This site is optimized with the Yoast SEO plugin v27.2 - https:\/\/yoast.com\/product\/yoast-seo-wordpress\/ -->\n<title>Sedes USS | Universidad San Sebasti\u00e1n<\/title>\n<meta name=\"description\" content=\"Universidad San Sebasti\u00e1n cuenta con 4 sedes en todo el pa\u00eds. Santiago, Concepci\u00f3n, Valdivia y Puerto Montt. Con\u00f3celas\" \/>\n<meta name=\"robots\" content=\"index, follow, max-snippet:-1, max-image-preview:large, max-video-preview:-1\" \/>\n<link rel=\"canonical\" href=\"https:\/\/www.uss.cl\/en\/campus\/\" \/>\n<meta property=\"og:locale\" content=\"en_US\" \/>\n<meta property=\"og:type\" content=\"article\" \/>\n<meta property=\"og:title\" content=\"Sedes USS | Universidad San Sebasti\u00e1n\" \/>\n<meta property=\"og:description\" content=\"Universidad San Sebasti\u00e1n cuenta con 4 sedes en todo el pa\u00eds. Santiago, Concepci\u00f3n, Valdivia y Puerto Montt. Con\u00f3celas\" \/>\n<meta property=\"og:url\" content=\"https:\/\/www.uss.cl\/en\/campus\/\" \/>\n<meta property=\"og:site_name\" content=\"USS\" \/>\n<meta name=\"twitter:card\" content=\"summary_large_image\" \/>\n<script type=\"application\/ld+json\" class=\"yoast-schema-graph\">{\"@context\":\"https:\/\/schema.org\",\"@graph\":[{\"@type\":\"WebPage\",\"@id\":\"https:\/\/www.uss.cl\/en\/campus\/\",\"url\":\"https:\/\/www.uss.cl\/en\/campus\/\",\"name\":\"Sedes USS | Universidad San Sebasti\u00e1n\",\"isPartOf\":{\"@id\":\"https:\/\/www.uss.cl\/#website\"},\"datePublished\":\"2025-03-25T09:09:30+00:00\",\"description\":\"Universidad San Sebasti\u00e1n cuenta con 4 sedes en todo el pa\u00eds. Santiago, Concepci\u00f3n, Valdivia y Puerto Montt. Con\u00f3celas\",\"inLanguage\":\"en-US\",\"potentialAction\":[{\"@type\":\"ReadAction\",\"target\":[\"https:\/\/www.uss.cl\/en\/campus\/\"]}]},{\"@type\":\"WebSite\",\"@id\":\"https:\/\/www.uss.cl\/#website\",\"url\":\"https:\/\/www.uss.cl\/\",\"name\":\"Portal Universidad San Sebasti\u00e1n\",\"description\":\"Universidad San Sebasti\u00e1n\",\"publisher\":{\"@id\":\"https:\/\/www.uss.cl\/#organization\"},\"alternateName\":\"Portal USS\",\"potentialAction\":[{\"@type\":\"SearchAction\",\"target\":{\"@type\":\"EntryPoint\",\"urlTemplate\":\"https:\/\/www.uss.cl\/?s={search_term_string}\"},\"query-input\":{\"@type\":\"PropertyValueSpecification\",\"valueRequired\":true,\"valueName\":\"search_term_string\"}}],\"inLanguage\":\"en-US\"},{\"@type\":\"Organization\",\"@id\":\"https:\/\/www.uss.cl\/#organization\",\"name\":\"Universidad San Sebasti\u00e1n\",\"alternateName\":\"USS\",\"url\":\"https:\/\/www.uss.cl\/\",\"logo\":{\"@type\":\"ImageObject\",\"inLanguage\":\"en-US\",\"@id\":\"https:\/\/www.uss.cl\/#\/schema\/logo\/image\/\",\"url\":\"https:\/\/cdn.uss.cl\/content\/uploads\/2022\/12\/14190951\/favicon-uss.png\",\"contentUrl\":\"https:\/\/cdn.uss.cl\/content\/uploads\/2022\/12\/14190951\/favicon-uss.png\",\"width\":216,\"height\":213,\"caption\":\"Universidad San Sebasti\u00e1n\"},\"image\":{\"@id\":\"https:\/\/www.uss.cl\/#\/schema\/logo\/image\/\"}}]}<\/script>\n<!-- \/ Yoast SEO plugin. -->","yoast_head_json":{"title":"Sedes USS | Universidad San Sebasti\u00e1n","description":"Universidad San Sebasti\u00e1n cuenta con 4 sedes en todo el pa\u00eds. Santiago, Concepci\u00f3n, Valdivia y Puerto Montt. Con\u00f3celas","robots":{"index":"index","follow":"follow","max-snippet":"max-snippet:-1","max-image-preview":"max-image-preview:large","max-video-preview":"max-video-preview:-1"},"canonical":"https:\/\/www.uss.cl\/en\/campus\/","og_locale":"en_US","og_type":"article","og_title":"Sedes USS | Universidad San Sebasti\u00e1n","og_description":"Universidad San Sebasti\u00e1n cuenta con 4 sedes en todo el pa\u00eds. Santiago, Concepci\u00f3n, Valdivia y Puerto Montt. Con\u00f3celas","og_url":"https:\/\/www.uss.cl\/en\/campus\/","og_site_name":"USS","twitter_card":"summary_large_image","schema":{"@context":"https:\/\/schema.org","@graph":[{"@type":"WebPage","@id":"https:\/\/www.uss.cl\/en\/campus\/","url":"https:\/\/www.uss.cl\/en\/campus\/","name":"Sedes USS | Universidad San Sebasti\u00e1n","isPartOf":{"@id":"https:\/\/www.uss.cl\/#website"},"datePublished":"2025-03-25T09:09:30+00:00","description":"Universidad San Sebasti\u00e1n cuenta con 4 sedes en todo el pa\u00eds. Santiago, Concepci\u00f3n, Valdivia y Puerto Montt. Con\u00f3celas","inLanguage":"en-US","potentialAction":[{"@type":"ReadAction","target":["https:\/\/www.uss.cl\/en\/campus\/"]}]},{"@type":"WebSite","@id":"https:\/\/www.uss.cl\/#website","url":"https:\/\/www.uss.cl\/","name":"Portal Universidad San Sebasti\u00e1n","description":"Universidad San Sebasti\u00e1n","publisher":{"@id":"https:\/\/www.uss.cl\/#organization"},"alternateName":"Portal USS","potentialAction":[{"@type":"SearchAction","target":{"@type":"EntryPoint","urlTemplate":"https:\/\/www.uss.cl\/?s={search_term_string}"},"query-input":{"@type":"PropertyValueSpecification","valueRequired":true,"valueName":"search_term_string"}}],"inLanguage":"en-US"},{"@type":"Organization","@id":"https:\/\/www.uss.cl\/#organization","name":"Universidad San Sebasti\u00e1n","alternateName":"USS","url":"https:\/\/www.uss.cl\/","logo":{"@type":"ImageObject","inLanguage":"en-US","@id":"https:\/\/www.uss.cl\/#\/schema\/logo\/image\/","url":"https:\/\/cdn.uss.cl\/content\/uploads\/2022\/12\/14190951\/favicon-uss.png","contentUrl":"https:\/\/cdn.uss.cl\/content\/uploads\/2022\/12\/14190951\/favicon-uss.png","width":216,"height":213,"caption":"Universidad San Sebasti\u00e1n"},"image":{"@id":"https:\/\/www.uss.cl\/#\/schema\/logo\/image\/"}}]}},"_links":{"self":[{"href":"https:\/\/www.uss.cl\/en\/wp-json\/wp\/v2\/pages\/85731","targetHints":{"allow":["GET"]}}],"collection":[{"href":"https:\/\/www.uss.cl\/en\/wp-json\/wp\/v2\/pages"}],"about":[{"href":"https:\/\/www.uss.cl\/en\/wp-json\/wp\/v2\/types\/page"}],"author":[{"embeddable":true,"href":"https:\/\/www.uss.cl\/en\/wp-json\/wp\/v2\/users\/25"}],"replies":[{"embeddable":true,"href":"https:\/\/www.uss.cl\/en\/wp-json\/wp\/v2\/comments?post=85731"}],"version-history":[{"count":5,"href":"https:\/\/www.uss.cl\/en\/wp-json\/wp\/v2\/pages\/85731\/revisions"}],"predecessor-version":[{"id":85737,"href":"https:\/\/www.uss.cl\/en\/wp-json\/wp\/v2\/pages\/85731\/revisions\/85737"}],"wp:attachment":[{"href":"https:\/\/www.uss.cl\/en\/wp-json\/wp\/v2\/media?parent=85731"}],"curies":[{"name":"wp","href":"https:\/\/api.w.org\/{rel}","templated":true}]}}