{"id":45024,"date":"2021-02-12T13:02:59","date_gmt":"2021-02-12T13:02:59","guid":{"rendered":"https:\/\/www.uss.cl\/inicio\/"},"modified":"2025-09-15T19:17:05","modified_gmt":"2025-09-15T19:17:05","slug":"inicio2","status":"publish","type":"page","link":"https:\/\/www.uss.cl\/en\/","title":{"rendered":"Home USS"},"content":{"rendered":"","protected":false},"excerpt":{"rendered":"","protected":false},"author":49,"featured_media":0,"parent":0,"menu_order":0,"comment_status":"closed","ping_status":"closed","template":"page-template","meta":{"_acf_changed":false,"content-type":"","footnotes":""},"class_list":["post-45024","page","type-page","status-publish","hentry"],"acf":[],"yoast_head":"<!-- This site is optimized with the Yoast SEO plugin v27.2 - https:\/\/yoast.com\/product\/yoast-seo-wordpress\/ -->\n<title>Universidad San Sebasti\u00e1n | USS | Admisi\u00f3n 2023<\/title>\n<meta name=\"description\" content=\"Universidad San Sebasti\u00e1n. Admisi\u00f3n 2023. Pregrado, Vespertino, Postgrado y Advance. Santiago, Concepci\u00f3n, Valdivia y Puerto Montt.\" \/>\n<meta name=\"robots\" content=\"index, follow, max-snippet:-1, max-image-preview:large, max-video-preview:-1\" \/>\n<link rel=\"canonical\" href=\"https:\/\/www.uss.cl\/en\/\" \/>\n<meta property=\"og:locale\" content=\"en_US\" \/>\n<meta property=\"og:type\" content=\"article\" \/>\n<meta property=\"og:title\" content=\"Universidad San Sebasti\u00e1n | USS | Admisi\u00f3n 2023\" \/>\n<meta property=\"og:description\" content=\"Universidad San Sebasti\u00e1n. Admisi\u00f3n 2023. Pregrado, Vespertino, Postgrado y Advance. Santiago, Concepci\u00f3n, Valdivia y Puerto Montt.\" \/>\n<meta property=\"og:url\" content=\"https:\/\/www.uss.cl\/en\/\" \/>\n<meta property=\"og:site_name\" content=\"USS\" \/>\n<meta property=\"article:modified_time\" content=\"2025-09-15T19:17:05+00:00\" \/>\n<meta name=\"twitter:card\" content=\"summary_large_image\" \/>\n<script type=\"application\/ld+json\" class=\"yoast-schema-graph\">{\"@context\":\"https:\/\/schema.org\",\"@graph\":[{\"@type\":\"WebPage\",\"@id\":\"https:\/\/www.uss.cl\/en\/\",\"url\":\"https:\/\/www.uss.cl\/en\/\",\"name\":\"Universidad San Sebasti\u00e1n | USS | Admisi\u00f3n 2023\",\"isPartOf\":{\"@id\":\"https:\/\/www.uss.cl\/#website\"},\"datePublished\":\"2021-02-12T13:02:59+00:00\",\"dateModified\":\"2025-09-15T19:17:05+00:00\",\"description\":\"Universidad San Sebasti\u00e1n. Admisi\u00f3n 2023. Pregrado, Vespertino, Postgrado y Advance. Santiago, Concepci\u00f3n, Valdivia y Puerto Montt.\",\"inLanguage\":\"en-US\",\"potentialAction\":[{\"@type\":\"ReadAction\",\"target\":[\"https:\/\/www.uss.cl\/en\/\"]}]},{\"@type\":\"WebSite\",\"@id\":\"https:\/\/www.uss.cl\/#website\",\"url\":\"https:\/\/www.uss.cl\/\",\"name\":\"Portal Universidad San Sebasti\u00e1n\",\"description\":\"Universidad San Sebasti\u00e1n\",\"publisher\":{\"@id\":\"https:\/\/www.uss.cl\/#organization\"},\"alternateName\":\"Portal USS\",\"potentialAction\":[{\"@type\":\"SearchAction\",\"target\":{\"@type\":\"EntryPoint\",\"urlTemplate\":\"https:\/\/www.uss.cl\/?s={search_term_string}\"},\"query-input\":{\"@type\":\"PropertyValueSpecification\",\"valueRequired\":true,\"valueName\":\"search_term_string\"}}],\"inLanguage\":\"en-US\"},{\"@type\":\"Organization\",\"@id\":\"https:\/\/www.uss.cl\/#organization\",\"name\":\"Universidad San Sebasti\u00e1n\",\"alternateName\":\"USS\",\"url\":\"https:\/\/www.uss.cl\/\",\"logo\":{\"@type\":\"ImageObject\",\"inLanguage\":\"en-US\",\"@id\":\"https:\/\/www.uss.cl\/#\/schema\/logo\/image\/\",\"url\":\"https:\/\/cdn.uss.cl\/content\/uploads\/2022\/12\/14190951\/favicon-uss.png\",\"contentUrl\":\"https:\/\/cdn.uss.cl\/content\/uploads\/2022\/12\/14190951\/favicon-uss.png\",\"width\":216,\"height\":213,\"caption\":\"Universidad San Sebasti\u00e1n\"},\"image\":{\"@id\":\"https:\/\/www.uss.cl\/#\/schema\/logo\/image\/\"}}]}<\/script>\n<!-- \/ Yoast SEO plugin. -->","yoast_head_json":{"title":"Universidad San Sebasti\u00e1n | USS | Admisi\u00f3n 2023","description":"Universidad San Sebasti\u00e1n. Admisi\u00f3n 2023. Pregrado, Vespertino, Postgrado y Advance. Santiago, Concepci\u00f3n, Valdivia y Puerto Montt.","robots":{"index":"index","follow":"follow","max-snippet":"max-snippet:-1","max-image-preview":"max-image-preview:large","max-video-preview":"max-video-preview:-1"},"canonical":"https:\/\/www.uss.cl\/en\/","og_locale":"en_US","og_type":"article","og_title":"Universidad San Sebasti\u00e1n | USS | Admisi\u00f3n 2023","og_description":"Universidad San Sebasti\u00e1n. Admisi\u00f3n 2023. Pregrado, Vespertino, Postgrado y Advance. Santiago, Concepci\u00f3n, Valdivia y Puerto Montt.","og_url":"https:\/\/www.uss.cl\/en\/","og_site_name":"USS","article_modified_time":"2025-09-15T19:17:05+00:00","twitter_card":"summary_large_image","schema":{"@context":"https:\/\/schema.org","@graph":[{"@type":"WebPage","@id":"https:\/\/www.uss.cl\/en\/","url":"https:\/\/www.uss.cl\/en\/","name":"Universidad San Sebasti\u00e1n | USS | Admisi\u00f3n 2023","isPartOf":{"@id":"https:\/\/www.uss.cl\/#website"},"datePublished":"2021-02-12T13:02:59+00:00","dateModified":"2025-09-15T19:17:05+00:00","description":"Universidad San Sebasti\u00e1n. Admisi\u00f3n 2023. Pregrado, Vespertino, Postgrado y Advance. Santiago, Concepci\u00f3n, Valdivia y Puerto Montt.","inLanguage":"en-US","potentialAction":[{"@type":"ReadAction","target":["https:\/\/www.uss.cl\/en\/"]}]},{"@type":"WebSite","@id":"https:\/\/www.uss.cl\/#website","url":"https:\/\/www.uss.cl\/","name":"Portal Universidad San Sebasti\u00e1n","description":"Universidad San Sebasti\u00e1n","publisher":{"@id":"https:\/\/www.uss.cl\/#organization"},"alternateName":"Portal USS","potentialAction":[{"@type":"SearchAction","target":{"@type":"EntryPoint","urlTemplate":"https:\/\/www.uss.cl\/?s={search_term_string}"},"query-input":{"@type":"PropertyValueSpecification","valueRequired":true,"valueName":"search_term_string"}}],"inLanguage":"en-US"},{"@type":"Organization","@id":"https:\/\/www.uss.cl\/#organization","name":"Universidad San Sebasti\u00e1n","alternateName":"USS","url":"https:\/\/www.uss.cl\/","logo":{"@type":"ImageObject","inLanguage":"en-US","@id":"https:\/\/www.uss.cl\/#\/schema\/logo\/image\/","url":"https:\/\/cdn.uss.cl\/content\/uploads\/2022\/12\/14190951\/favicon-uss.png","contentUrl":"https:\/\/cdn.uss.cl\/content\/uploads\/2022\/12\/14190951\/favicon-uss.png","width":216,"height":213,"caption":"Universidad San Sebasti\u00e1n"},"image":{"@id":"https:\/\/www.uss.cl\/#\/schema\/logo\/image\/"}}]}},"_links":{"self":[{"href":"https:\/\/www.uss.cl\/en\/wp-json\/wp\/v2\/pages\/45024","targetHints":{"allow":["GET"]}}],"collection":[{"href":"https:\/\/www.uss.cl\/en\/wp-json\/wp\/v2\/pages"}],"about":[{"href":"https:\/\/www.uss.cl\/en\/wp-json\/wp\/v2\/types\/page"}],"author":[{"embeddable":true,"href":"https:\/\/www.uss.cl\/en\/wp-json\/wp\/v2\/users\/49"}],"replies":[{"embeddable":true,"href":"https:\/\/www.uss.cl\/en\/wp-json\/wp\/v2\/comments?post=45024"}],"version-history":[{"count":57,"href":"https:\/\/www.uss.cl\/en\/wp-json\/wp\/v2\/pages\/45024\/revisions"}],"predecessor-version":[{"id":97650,"href":"https:\/\/www.uss.cl\/en\/wp-json\/wp\/v2\/pages\/45024\/revisions\/97650"}],"wp:attachment":[{"href":"https:\/\/www.uss.cl\/en\/wp-json\/wp\/v2\/media?parent=45024"}],"curies":[{"name":"wp","href":"https:\/\/api.w.org\/{rel}","templated":true}]}}